{"id":93,"date":"2021-06-01T19:50:56","date_gmt":"2021-06-01T17:50:56","guid":{"rendered":"https:\/\/www.paul-groth.com\/?page_id=93"},"modified":"2025-12-16T07:24:42","modified_gmt":"2025-12-16T06:24:42","slug":"imprint","status":"publish","type":"page","link":"https:\/\/www.paul-groth.com\/en\/imprint\/","title":{"rendered":"Imprint"},"content":{"rendered":"<ul>\n<li><a style=\"color: #002670;\" title=\"A. Grunddaten zur Homepage\" href=\"#grunddaten\">A. Basic website data<\/a><\/li>\n<li><a style=\"color: #002670;\" title=\"B. Haftungsausschluss\" href=\"#haftungsausschluss\">B. Legal disclaimer<\/a><\/li>\n<\/ul>\n<h2><a id=\"grunddaten\"><\/a>A. Basic website data<\/h2>\n<p><strong>PAUL GROTH M\u00fchlenbau GmbH &amp; Co. KG<\/strong><br \/>\nLangelohe 2<br \/>\nD-25337 Elmshorn<\/p>\n<p>Tel.: <span class=\"boldblue\"><a href=\"tel:+49412179570\">+49 4121-7957-0<\/a><\/span><br \/>\nFax : ++49-41 21 &#8211; 79 57-79<br \/>\ne-mail(at)paul-groth.com<\/p>\n<p><a title=\"F\u00f6rdertechnik f\u00fcr Sch\u00fcttg\u00fcter\" href=\"https:\/\/www.paul-groth.com\/en\/\">http:\/\/www.paul-groth.com<\/a><\/p>\n<p><strong>KG (company limited by shares) Head office:<\/strong><br \/>\nSitz Elmshorn, Registergericht Pinneberg, HRA 340 EL<\/p>\n<p><strong>General partner:<\/strong><br \/>\nPaul Groth M\u00fchlenbau Verwaltungs GmbH<br \/>\nRegistergericht Pinneberg, HRB 1727 EL<\/p>\n<p><strong>Management:<\/strong><br \/>\nAnnette Diness, Andreas Diness, Niels Diness<\/p>\n<p><strong>VAT no.:<\/strong><br \/>\nDE 134 521 074<\/p>\n<p><strong>Tax no.:<\/strong><br \/>\n132 803 95 02 FA Elmshorn<\/p>\n<p><strong>Person responsible for contents:<\/strong><br \/>\nNiels Diness<\/p>\n<h2><a id=\"haftungsausschluss\"><\/a>B. Legal disclaimer<\/h2>\n<h4>1. Website contents<\/h4>\n<p>Paul Groth M\u00fchlenbau does not assume any liability whatsoever for the up-to-dateness, accuracy, completeness or quality of the information provided. Liability claims against Paul Groth M\u00fchlenbau relating to material or intellectual damages of any kind caused by the use or non-use of the information provided and\/or the use of inaccurate and incomplete information shall generally be excluded, unless caused by evidenced acts of malicious intent or gross negligence of Paul Groth M\u00fchlenbau.<\/p>\n<p>All offers are non-binding. We explicitly reserve the right to amend, supplement or delete the contents of this website, in whole or part thereof, without prior notice or to temporarily or permanently suspend its publication.<\/p>\n<h4>2. References and links<\/h4>\n<p>We shall only assume liability for direct and indirect links to third-party websites that fall outside our scope of responsibility in the event of Paul Groth M\u00fchlenbau having knowledge of the contents and it being technically possible and reasonable for Paul Groth M\u00fchlenbau to prevent the use of illegal contents.<\/p>\n<p>We herewith explicitly declare that no illegal contents were discernible on the linked websites at the time the links were created. We have no control whatsoever over the current and future design, contents and copyrights on the linked websites. We thus explicitly distance ourselves from all contents on all linked websites that have been amended after the links were created. This declaration shall apply to all links and references included on our own website and to all third-party entries in guest books, discussion forums and mailing lists. The providers of the linked websites shall be solely liable for inaccurate or incomplete contents, particularly for damages caused by the use or non-use of such information and not the provider which merely refers to such contents by placing a link.<\/p>\n<h4>3. Copyright and trademark law<\/h4>\n<p>We endeavour to honour the copyright of the graphics, audio files, video files and texts, to use graphics, audio files, video files and texts created by us or to use non-licensed graphics, audio files, video files and texts in all our publications.<\/p>\n<p>All trademarks and brand names stated in our contents that may be protected by third-party rights are fully subject to the provisions of the respective applicable trademark law and rights of ownership of the respective registered owners. A mere mentioning shall not indicate that trademarks are not protected by third-party rights!<\/p>\n<p>Paul Groth M\u00fchlenbau reserves the sole copyright for all objects that are created and published by us. Such graphics, audio files, video files and texts shall not be copied or used in other electronic or printed publications without our explicit prior consent.<\/p>\n<h4>4. Data protection<\/h4>\n<p>If the website provides an option to enter personal or business data (e-mail address, name, address), users shall always disclose it on a explicitly voluntary basis. See also &#8220;<a href=\"https:\/\/www.paul-groth.com\/en\/data-protection\/\" data-cke-saved-href=\"\/en\/data-protection-declaration.php\">Data protection declaration<\/a>&#8220;.<\/p>\n<h4>5. Legal effect of this legal disclaimer<\/h4>\n<p>This legal disclaimer shall be regarded as part of the website contents which contains the link to this page. Should parts or individual wording of these texts, in whole or part thereof, fail to, or no longer, comply with the applicable legal situation, this shall not affect the content and validity of the other parts of the document.<\/p>\n<h4>6. Sub-pages<\/h4>\n<p>The information in the legal information section of this website also applies to all sub-pages of this website, in other words all pages of https:\/\/www.paul-groth.com.<\/p>\n<h4>7. Status of and amendment to this legal information<\/h4>\n<p>The current version is dated May 2018.<br \/>\nWe reserve the right to amend this legal information at any time and with future effect. We shall publish any amendments here.<\/p>\n","protected":false},"excerpt":{"rendered":"<p>A. Basic website data B. Legal disclaimer A. Basic website data PAUL GROTH M\u00fchlenbau GmbH &amp; Co. KG Langelohe 2 D-25337 Elmshorn Tel.: +49 4121-7957-0 Fax : ++49-41 21 &#8211; 79 57-79 e-mail(at)paul-groth.com http:\/\/www.paul-groth.com KG (company limited by shares) Head office: Sitz Elmshorn, Registergericht Pinneberg, HRA 340 EL General partner: Paul Groth M\u00fchlenbau Verwaltungs GmbH [&hellip;]<\/p>\n","protected":false},"author":1,"featured_media":0,"parent":0,"menu_order":105,"comment_status":"closed","ping_status":"closed","template":"","meta":{"_acf_changed":false,"footnotes":""},"class_list":["post-93","page","type-page","status-publish","hentry"],"acf":[],"_links":{"self":[{"href":"https:\/\/www.paul-groth.com\/en\/wp-json\/wp\/v2\/pages\/93","targetHints":{"allow":["GET"]}}],"collection":[{"href":"https:\/\/www.paul-groth.com\/en\/wp-json\/wp\/v2\/pages"}],"about":[{"href":"https:\/\/www.paul-groth.com\/en\/wp-json\/wp\/v2\/types\/page"}],"author":[{"embeddable":true,"href":"https:\/\/www.paul-groth.com\/en\/wp-json\/wp\/v2\/users\/1"}],"replies":[{"embeddable":true,"href":"https:\/\/www.paul-groth.com\/en\/wp-json\/wp\/v2\/comments?post=93"}],"version-history":[{"count":1,"href":"https:\/\/www.paul-groth.com\/en\/wp-json\/wp\/v2\/pages\/93\/revisions"}],"predecessor-version":[{"id":16267,"href":"https:\/\/www.paul-groth.com\/en\/wp-json\/wp\/v2\/pages\/93\/revisions\/16267"}],"wp:attachment":[{"href":"https:\/\/www.paul-groth.com\/en\/wp-json\/wp\/v2\/media?parent=93"}],"curies":[{"name":"wp","href":"https:\/\/api.w.org\/{rel}","templated":true}]}}