{"id":16122,"date":"2025-10-29T08:58:51","date_gmt":"2025-10-29T07:58:51","guid":{"rendered":"https:\/\/www.paul-groth.com\/paul-groth-digitalisierung\/"},"modified":"2025-10-29T09:30:43","modified_gmt":"2025-10-29T08:30:43","slug":"paul-groth-digitalization","status":"publish","type":"page","link":"https:\/\/www.paul-groth.com\/en\/paul-groth-digitalization\/","title":{"rendered":"Digitalization with a Vision"},"content":{"rendered":"","protected":false},"excerpt":{"rendered":"<p>Digitalisierung mit Zukunft \u2013 gef\u00f6rdert durch den Europ\u00e4ischen Fonds f\u00fcr regionale Entwicklung (EFRE)<br \/>\nMit dem Projekt \u201ePotenzialanalyse und Beratung f\u00fcr Digitalisierungsma\u00dfnahmen\u201c gestalten wir aktiv die Zukunft unseres Unternehmens. Ziel ist es, die Chancen der Digitalisierung noch gezielter zu nutzen und unsere Prozesse, Produkte und Zusammenarbeit weiter zu optimieren.<\/p>\n","protected":false},"author":2,"featured_media":0,"parent":0,"menu_order":46,"comment_status":"closed","ping_status":"closed","template":"custom-page.php","meta":{"_acf_changed":false,"footnotes":""},"class_list":["post-16122","page","type-page","status-publish","hentry"],"acf":[],"_links":{"self":[{"href":"https:\/\/www.paul-groth.com\/en\/wp-json\/wp\/v2\/pages\/16122","targetHints":{"allow":["GET"]}}],"collection":[{"href":"https:\/\/www.paul-groth.com\/en\/wp-json\/wp\/v2\/pages"}],"about":[{"href":"https:\/\/www.paul-groth.com\/en\/wp-json\/wp\/v2\/types\/page"}],"author":[{"embeddable":true,"href":"https:\/\/www.paul-groth.com\/en\/wp-json\/wp\/v2\/users\/2"}],"replies":[{"embeddable":true,"href":"https:\/\/www.paul-groth.com\/en\/wp-json\/wp\/v2\/comments?post=16122"}],"version-history":[{"count":2,"href":"https:\/\/www.paul-groth.com\/en\/wp-json\/wp\/v2\/pages\/16122\/revisions"}],"predecessor-version":[{"id":16126,"href":"https:\/\/www.paul-groth.com\/en\/wp-json\/wp\/v2\/pages\/16122\/revisions\/16126"}],"wp:attachment":[{"href":"https:\/\/www.paul-groth.com\/en\/wp-json\/wp\/v2\/media?parent=16122"}],"curies":[{"name":"wp","href":"https:\/\/api.w.org\/{rel}","templated":true}]}}